{"id":56,"date":"2024-05-31T22:40:56","date_gmt":"2024-05-31T20:40:56","guid":{"rendered":"https:\/\/ramoneur-du-plateau.fr\/?page_id=56"},"modified":"2026-04-04T11:11:08","modified_gmt":"2026-04-04T09:11:08","slug":"accueil","status":"publish","type":"page","link":"https:\/\/ramoneur-du-plateau.fr\/","title":{"rendered":"Accueil"},"content":{"rendered":"\n<div id=\"wp-block-themeisle-blocks-advanced-columns-0d617423\" class=\"wp-block-themeisle-blocks-advanced-columns has-1-columns has-desktop-equal-layout has-tablet-equal-layout has-mobile-equal-layout has-vertical-top has-light-bg\"><div class=\"wp-block-themeisle-blocks-advanced-columns-overlay\"><\/div><div class=\"innerblocks-wrap\">\n<div id=\"wp-block-themeisle-blocks-advanced-column-09847c7b\" class=\"wp-block-themeisle-blocks-advanced-column\">\n<figure class=\"wp-block-gallery aligncenter has-nested-images columns-default is-cropped wp-block-gallery-1 is-layout-flex wp-block-gallery-is-layout-flex\">\n<figure class=\"wp-block-image size-large\"><img loading=\"lazy\" decoding=\"async\" width=\"1024\" height=\"499\" data-id=\"119\" src=\"https:\/\/ramoneur-du-plateau.fr\/wp-content\/uploads\/2024\/09\/rdp_fond_crs-1024x499.png\" alt=\"\" class=\"wp-image-119\" srcset=\"https:\/\/ramoneur-du-plateau.fr\/wp-content\/uploads\/2024\/09\/rdp_fond_crs-1024x499.png 1024w, https:\/\/ramoneur-du-plateau.fr\/wp-content\/uploads\/2024\/09\/rdp_fond_crs-300x146.png 300w, https:\/\/ramoneur-du-plateau.fr\/wp-content\/uploads\/2024\/09\/rdp_fond_crs-768x374.png 768w, https:\/\/ramoneur-du-plateau.fr\/wp-content\/uploads\/2024\/09\/rdp_fond_crs.png 1500w\" sizes=\"auto, (max-width: 1024px) 100vw, 1024px\" \/><\/figure>\n<\/figure>\n\n\n\n<h5 id=\"wp-block-themeisle-blocks-advanced-heading-8c578c95\" class=\"wp-block-themeisle-blocks-advanced-heading wp-block-themeisle-blocks-advanced-heading-8c578c95\"><strong>Ramoneur dipl\u00f4m\u00e9 d&rsquo;\u00c9TAT FORM\u00c9 \u00c0 la Conf\u00e9d\u00e9ration des Ramoneurs Savoyards<\/strong><\/h5>\n\n\n\n<p><strong>Ramoneur du Plateau<\/strong> est une entreprise de <strong>ramonage et de d\u00e9bistrage<\/strong> bas\u00e9e \u00e0 Champdor-Corcelles dans l&rsquo;Ain. <\/p>\n\n\n\n<p>J&rsquo;interviens sur tous type de g\u00e9n\u00e9rateurs <strong>bois, pellet, fioul et gaz<\/strong>, principalement sur les secteurs du <strong>Plateau d&rsquo;Hauteville, du Valromey, de la Combe du Val et de la Vall\u00e9e de l&rsquo;Albarine<\/strong>.<\/p>\n\n\n\n<p>Suite au nettoyage de votre installation, je vous d\u00e9livre un <strong>certificat de ramonage<\/strong> en <strong>bonne et due forme<\/strong> que vous pourrez faire valoir aupr\u00e8s de votre assurance.<\/p>\n\n\n\n<p>N&rsquo;h\u00e9sitez pas \u00e0 prendre rendez-vous par <strong>t\u00e9l\u00e9phone ou via le formulaire ci-dessous<\/strong>, je m&rsquo;engage \u00e0 vous r\u00e9pondre dans les meilleurs d\u00e9lais.<\/p>\n\n\n\n<div id=\"wp-block-themeisle-blocks-accordion-c600526c\" class=\"wp-block-themeisle-blocks-accordion exclusive\">\n<details class=\"wp-block-themeisle-blocks-accordion-item\"><summary class=\"wp-block-themeisle-blocks-accordion-item__title\"><div>Tarifs et prestations<\/div><\/summary><div class=\"wp-block-themeisle-blocks-accordion-item__content\">\n<figure class=\"wp-block-table\"><table class=\"has-fixed-layout\"><tbody><tr><td><strong>Conduit + raccordement<\/strong> uniquement<\/td><td>70\u20ac HT<\/td><\/tr><tr><td><strong>Po\u00eale \u00e0 bois simple, insert, foyer ouvert, foyer ferm\u00e9<\/strong><\/td><td>75\u20ac HT<\/td><\/tr><tr><td><strong>Po\u00eale \u00e0 bois ou insert complexe<\/strong> (d\u00e9flecteurs multiples, four int\u00e9gr\u00e9 etc&#8230;)<\/td><td>85\u20ac HT<\/td><\/tr><tr><td><strong>Cuisini\u00e8re \u00e0 bois<\/strong><\/td><td>95\u20ac HT<\/td><\/tr><tr><td><strong>Po\u00eale de masse<\/strong> standard<\/td><td>120\u20ac HT<\/td><\/tr><tr><td><strong>Po\u00eale \u00e0 granul\u00e9<\/strong>s<\/td><td>160\u20ac HT<\/td><\/tr><tr><td><strong>Chaudi\u00e8re <\/strong>bois, fioul, granul\u00e9s, gaz<\/td><td>150\u20ac HT<\/td><\/tr><tr><td><strong>Chaudi\u00e8re mixte<\/strong><\/td><td>180\u20ac HT<\/td><\/tr><tr><td><strong>D\u00e9bistrage conduit inox\/tubage&nbsp;<\/strong>souple ou rigide<\/td><td>30\u20ac\/m HT<\/td><\/tr><tr><td><strong>D\u00e9bistrage boisseaux<\/strong>&nbsp;ciment, terre cuite, brique<\/td><td>40\u20ac\/m HT<\/td><\/tr><tr><td><strong>D\u00e9bistrage conduit en pierre<\/strong><\/td><td>50\u20ac\/m HT<\/td><\/tr><tr><td><strong>Diagnostic de l&rsquo;installation<\/strong><\/td><td>60\u20ac HT<\/td><\/tr><tr><td><strong>Contr\u00f4le cam\u00e9ra<\/strong> (photos + vid\u00e9o)<\/td><td>70\u20ac HT<\/td><\/tr><tr><td><strong>Test d\u2019\u00e9tanch\u00e9it\u00e9<\/strong>&nbsp;(fumig\u00e8ne)<\/td><td>150\u20ac HT<\/td><\/tr><tr><td><strong>Frais de d\u00e9placement<\/strong><\/td><td>Aucun frais de d\u00e9placement n\u2019est factur\u00e9.<br>Pour les demandes concernant des secteurs \u00e9loign\u00e9s, merci de vous regrouper (au moins 3 ramonages).<\/td><\/tr><\/tbody><\/table><figcaption class=\"wp-element-caption\">Les prix sont \u00e9tablis sur la base d\u2019une intervention standard.<br>L\u2019entreprise se r\u00e9serve le droit d\u2019adapter les tarifs en cas de&nbsp;d\u00e9passement horaire ou d\u2019autres frais impr\u00e9vus.<\/figcaption><\/figure>\n<\/div><\/details>\n\n\n\n<details class=\"wp-block-themeisle-blocks-accordion-item\"><summary class=\"wp-block-themeisle-blocks-accordion-item__title\"><div>Obligation en mati\u00e8re de ramonage<\/div><\/summary><div class=\"wp-block-themeisle-blocks-accordion-item__content\">\n<p>Le ramonage est encadr\u00e9 par le <strong>d\u00e9cret n\u00b0 2023-641 du 20 juillet 2023<\/strong> sur tout le territoire fran\u00e7ais et concerne tous les appareils \u00e0 combustion (bois, pellet, fioul, gaz).<\/p>\n\n\n\n<p>Le d\u00e9cret adopt\u00e9 et effectif en date du 1er octobre 2023 demande&nbsp;<strong>un ramonage du conduit de fum\u00e9es et du raccordement ainsi que le nettoyage du calorif\u00e8re (po\u00eale, chaudi\u00e8re etc&#8230;) au moins une fois par an.<\/strong><\/p>\n<\/div><\/details>\n\n\n\n<details class=\"wp-block-themeisle-blocks-accordion-item\"><summary class=\"wp-block-themeisle-blocks-accordion-item__title\"><div>Pourquoi est-il important de bien faire ramoner son installation ?<\/div><\/summary><div class=\"wp-block-themeisle-blocks-accordion-item__content\">\n<p>Le ramonage est&nbsp;<strong>essentiel<\/strong>&nbsp;pour plusieurs raisons :<\/p>\n\n\n\n<ul class=\"wp-block-list\">\n<li><strong>La s\u00e9curit\u00e9 et sant\u00e9 des habitants<\/strong> en permettant de&nbsp;pr\u00e9venir les risques d&rsquo;incendie et d&rsquo;intoxication au monoxyde de carbone ;<\/li>\n\n\n\n<li><strong>Un meilleur fonctionnement et rendement <\/strong>de votre appareil de chauffage&nbsp;en am\u00e9liorant son efficacit\u00e9 \u00e9nerg\u00e9tique et en prolongeant sa dur\u00e9e de vie ;<\/li>\n\n\n\n<li><strong>Des \u00e9conomies d&rsquo;\u00e9nergie&nbsp;<\/strong>;<\/li>\n\n\n\n<li><strong>La couverture d&rsquo;assurance en cas de sinistre&nbsp;<\/strong>car si le ramonage n&rsquo;est pas effectu\u00e9 conform\u00e9ment aux obligations l\u00e9gales,&nbsp;vous pourriez rencontrer des probl\u00e8mes avec votre assurance en cas de sinistre&nbsp;li\u00e9 \u00e0 votre appareil de chauffage.<\/li>\n<\/ul>\n<\/div><\/details>\n<\/div>\n\n\n\n<figure class=\"wp-block-gallery has-nested-images columns-default is-cropped wp-block-gallery-2 is-layout-flex wp-block-gallery-is-layout-flex\">\n<figure class=\"wp-block-image size-large\"><img loading=\"lazy\" decoding=\"async\" width=\"1000\" height=\"371\" data-id=\"99\" src=\"https:\/\/ramoneur-du-plateau.fr\/wp-content\/uploads\/2024\/09\/cg_a_ap.jpg\" alt=\"\" class=\"wp-image-99\" srcset=\"https:\/\/ramoneur-du-plateau.fr\/wp-content\/uploads\/2024\/09\/cg_a_ap.jpg 1000w, https:\/\/ramoneur-du-plateau.fr\/wp-content\/uploads\/2024\/09\/cg_a_ap-300x111.jpg 300w, https:\/\/ramoneur-du-plateau.fr\/wp-content\/uploads\/2024\/09\/cg_a_ap-768x285.jpg 768w\" sizes=\"auto, (max-width: 1000px) 100vw, 1000px\" \/><\/figure>\n\n\n\n<figure class=\"wp-block-image size-large\"><img loading=\"lazy\" decoding=\"async\" width=\"1000\" height=\"372\" data-id=\"100\" src=\"https:\/\/ramoneur-du-plateau.fr\/wp-content\/uploads\/2024\/09\/cg_ap.jpg\" alt=\"\" class=\"wp-image-100\" srcset=\"https:\/\/ramoneur-du-plateau.fr\/wp-content\/uploads\/2024\/09\/cg_ap.jpg 1000w, https:\/\/ramoneur-du-plateau.fr\/wp-content\/uploads\/2024\/09\/cg_ap-300x112.jpg 300w, https:\/\/ramoneur-du-plateau.fr\/wp-content\/uploads\/2024\/09\/cg_ap-768x286.jpg 768w\" sizes=\"auto, (max-width: 1000px) 100vw, 1000px\" \/><\/figure>\n\n\n\n<figure class=\"wp-block-image size-large\"><img loading=\"lazy\" decoding=\"async\" width=\"760\" height=\"498\" data-id=\"98\" src=\"https:\/\/ramoneur-du-plateau.fr\/wp-content\/uploads\/2024\/09\/cf_ap.jpg\" alt=\"\" class=\"wp-image-98\" srcset=\"https:\/\/ramoneur-du-plateau.fr\/wp-content\/uploads\/2024\/09\/cf_ap.jpg 760w, https:\/\/ramoneur-du-plateau.fr\/wp-content\/uploads\/2024\/09\/cf_ap-300x197.jpg 300w\" sizes=\"auto, (max-width: 760px) 100vw, 760px\" \/><\/figure>\n\n\n\n<figure class=\"wp-block-image size-large\"><img loading=\"lazy\" decoding=\"async\" width=\"1000\" height=\"661\" data-id=\"102\" src=\"https:\/\/ramoneur-du-plateau.fr\/wp-content\/uploads\/2024\/09\/pg_av.jpg\" alt=\"\" class=\"wp-image-102\" srcset=\"https:\/\/ramoneur-du-plateau.fr\/wp-content\/uploads\/2024\/09\/pg_av.jpg 1000w, https:\/\/ramoneur-du-plateau.fr\/wp-content\/uploads\/2024\/09\/pg_av-300x198.jpg 300w, https:\/\/ramoneur-du-plateau.fr\/wp-content\/uploads\/2024\/09\/pg_av-768x508.jpg 768w\" sizes=\"auto, (max-width: 1000px) 100vw, 1000px\" \/><\/figure>\n\n\n\n<figure class=\"wp-block-image size-large\"><img loading=\"lazy\" decoding=\"async\" width=\"500\" height=\"375\" data-id=\"101\" src=\"https:\/\/ramoneur-du-plateau.fr\/wp-content\/uploads\/2024\/09\/deb_che.jpg\" alt=\"\" class=\"wp-image-101\" srcset=\"https:\/\/ramoneur-du-plateau.fr\/wp-content\/uploads\/2024\/09\/deb_che.jpg 500w, https:\/\/ramoneur-du-plateau.fr\/wp-content\/uploads\/2024\/09\/deb_che-300x225.jpg 300w\" sizes=\"auto, (max-width: 500px) 100vw, 500px\" \/><\/figure>\n\n\n\n<figure class=\"wp-block-image size-large\"><img loading=\"lazy\" decoding=\"async\" width=\"375\" height=\"500\" data-id=\"104\" src=\"https:\/\/ramoneur-du-plateau.fr\/wp-content\/uploads\/2024\/09\/WhatsApp-Image-2024-09-24-a-21.42.15_27ef9744.jpg\" alt=\"\" class=\"wp-image-104\" srcset=\"https:\/\/ramoneur-du-plateau.fr\/wp-content\/uploads\/2024\/09\/WhatsApp-Image-2024-09-24-a-21.42.15_27ef9744.jpg 375w, https:\/\/ramoneur-du-plateau.fr\/wp-content\/uploads\/2024\/09\/WhatsApp-Image-2024-09-24-a-21.42.15_27ef9744-225x300.jpg 225w\" sizes=\"auto, (max-width: 375px) 100vw, 375px\" \/><\/figure>\n\n\n\n<figure class=\"wp-block-image size-large\"><img loading=\"lazy\" decoding=\"async\" width=\"500\" height=\"371\" data-id=\"106\" src=\"https:\/\/ramoneur-du-plateau.fr\/wp-content\/uploads\/2024\/09\/WhatsApp-Image-2024-09-24-a-21.42.16_43cb582f.jpg\" alt=\"\" class=\"wp-image-106\" srcset=\"https:\/\/ramoneur-du-plateau.fr\/wp-content\/uploads\/2024\/09\/WhatsApp-Image-2024-09-24-a-21.42.16_43cb582f.jpg 500w, https:\/\/ramoneur-du-plateau.fr\/wp-content\/uploads\/2024\/09\/WhatsApp-Image-2024-09-24-a-21.42.16_43cb582f-300x223.jpg 300w\" sizes=\"auto, (max-width: 500px) 100vw, 500px\" \/><\/figure>\n\n\n\n<figure class=\"wp-block-image size-large\"><img loading=\"lazy\" decoding=\"async\" width=\"500\" height=\"375\" data-id=\"103\" src=\"https:\/\/ramoneur-du-plateau.fr\/wp-content\/uploads\/2024\/09\/WhatsApp-Image-2024-09-24-a-21.41.43_097a4cbb.jpg\" alt=\"\" class=\"wp-image-103\" srcset=\"https:\/\/ramoneur-du-plateau.fr\/wp-content\/uploads\/2024\/09\/WhatsApp-Image-2024-09-24-a-21.41.43_097a4cbb.jpg 500w, https:\/\/ramoneur-du-plateau.fr\/wp-content\/uploads\/2024\/09\/WhatsApp-Image-2024-09-24-a-21.41.43_097a4cbb-300x225.jpg 300w\" sizes=\"auto, (max-width: 500px) 100vw, 500px\" \/><\/figure>\n\n\n\n<figure class=\"wp-block-image size-large\"><img loading=\"lazy\" decoding=\"async\" width=\"500\" height=\"375\" data-id=\"105\" src=\"https:\/\/ramoneur-du-plateau.fr\/wp-content\/uploads\/2024\/09\/WhatsApp-Image-2024-09-24-a-21.42.15_edc07395.jpg\" alt=\"\" class=\"wp-image-105\" srcset=\"https:\/\/ramoneur-du-plateau.fr\/wp-content\/uploads\/2024\/09\/WhatsApp-Image-2024-09-24-a-21.42.15_edc07395.jpg 500w, https:\/\/ramoneur-du-plateau.fr\/wp-content\/uploads\/2024\/09\/WhatsApp-Image-2024-09-24-a-21.42.15_edc07395-300x225.jpg 300w\" sizes=\"auto, (max-width: 500px) 100vw, 500px\" \/><\/figure>\n\n\n\n<figure class=\"wp-block-image size-large\"><img loading=\"lazy\" decoding=\"async\" width=\"375\" height=\"500\" data-id=\"107\" src=\"https:\/\/ramoneur-du-plateau.fr\/wp-content\/uploads\/2024\/09\/WhatsApp-Image-2024-09-24-a-21.42.17_3c3d8cd6.jpg\" alt=\"\" class=\"wp-image-107\" srcset=\"https:\/\/ramoneur-du-plateau.fr\/wp-content\/uploads\/2024\/09\/WhatsApp-Image-2024-09-24-a-21.42.17_3c3d8cd6.jpg 375w, https:\/\/ramoneur-du-plateau.fr\/wp-content\/uploads\/2024\/09\/WhatsApp-Image-2024-09-24-a-21.42.17_3c3d8cd6-225x300.jpg 225w\" sizes=\"auto, (max-width: 375px) 100vw, 375px\" \/><\/figure>\n\n\n\n<figure class=\"wp-block-image size-large\"><img loading=\"lazy\" decoding=\"async\" width=\"500\" height=\"375\" data-id=\"108\" src=\"https:\/\/ramoneur-du-plateau.fr\/wp-content\/uploads\/2024\/09\/WhatsApp-Image-2024-09-24-a-21.42.17_5af40cb4.jpg\" alt=\"\" class=\"wp-image-108\" srcset=\"https:\/\/ramoneur-du-plateau.fr\/wp-content\/uploads\/2024\/09\/WhatsApp-Image-2024-09-24-a-21.42.17_5af40cb4.jpg 500w, https:\/\/ramoneur-du-plateau.fr\/wp-content\/uploads\/2024\/09\/WhatsApp-Image-2024-09-24-a-21.42.17_5af40cb4-300x225.jpg 300w\" sizes=\"auto, (max-width: 500px) 100vw, 500px\" \/><\/figure>\n<\/figure>\n<\/div>\n<\/div><\/div>\n\n\n\n<div id=\"wp-block-themeisle-blocks-advanced-columns-5d630746\" class=\"wp-block-themeisle-blocks-advanced-columns has-1-columns has-desktop-equal-layout has-tablet-equal-layout has-mobile-equal-layout has-vertical-center has-light-bg\"><div class=\"wp-block-themeisle-blocks-advanced-columns-overlay\"><\/div><div class=\"innerblocks-wrap\">\n<div id=\"wp-block-themeisle-blocks-advanced-column-e9363a5a\" class=\"wp-block-themeisle-blocks-advanced-column\">\n<div id=\"wp-block-themeisle-blocks-advanced-columns-cd4b7a17\" class=\"wp-block-themeisle-blocks-advanced-columns has-1-columns has-desktop-oneTwo-layout has-tablet-collapsedRows-layout has-mobile-collapsedRows-layout has-vertical-unset\"><div class=\"wp-block-themeisle-blocks-advanced-columns-overlay\"><\/div><div class=\"innerblocks-wrap\">\n<div id=\"wp-block-themeisle-blocks-advanced-column-31d8f751\" class=\"wp-block-themeisle-blocks-advanced-column\">\n<h1 id=\"wp-block-themeisle-blocks-advanced-heading-948398ab\" class=\"wp-block-themeisle-blocks-advanced-heading wp-block-themeisle-blocks-advanced-heading-948398ab\">Prendre rendez-vous :<\/h1>\n\n\n\n<h3 id=\"wp-block-themeisle-blocks-advanced-heading-f54e8470\" class=\"wp-block-themeisle-blocks-advanced-heading wp-block-themeisle-blocks-advanced-heading-f54e8470\">&#8211; Par t\u00e9l\u00e9phone :<\/h3>\n\n\n\n<h4 id=\"wp-block-themeisle-blocks-advanced-heading-39df48eb\" class=\"wp-block-themeisle-blocks-advanced-heading wp-block-themeisle-blocks-advanced-heading-39df48eb\">06.24.01.62.91 (appel, SMS, WhatsApp)<\/h4>\n\n\n\n<h3 id=\"wp-block-themeisle-blocks-advanced-heading-f07abed2\" class=\"wp-block-themeisle-blocks-advanced-heading wp-block-themeisle-blocks-advanced-heading-f07abed2\">&#8211; Par email :<\/h3>\n\n\n\n<div id=\"wp-block-themeisle-blocks-form-f9b364b5\" class=\"wp-block-themeisle-blocks-form\" data-option-name=\"bf9b28ff82ce323187abc5d0feb0d8f07ecd8436_f9b364b5\"><form class=\"otter-form__container\">\n<div id=\"wp-block-themeisle-blocks-form-input-dee32220\" class=\"wp-block-themeisle-blocks-form-input\"><label for=\"wp-block-themeisle-blocks-form-input-dee32220-input\" class=\"otter-form-input-label\"><span class=\"otter-form-input-label__label\">Nom et pr\u00e9nom<\/span><span class=\"required\">*<\/span><\/label><input type=\"text\" id=\"wp-block-themeisle-blocks-form-input-dee32220-input\" required placeholder=\"Nom et pr\u00e9nom\" class=\"otter-form-input\"\/><\/div>\n\n\n\n<div id=\"wp-block-themeisle-blocks-form-input-ed39daf2\" class=\"wp-block-themeisle-blocks-form-input\"><label for=\"wp-block-themeisle-blocks-form-input-ed39daf2-input\" class=\"otter-form-input-label\"><span class=\"otter-form-input-label__label\">Email<\/span><span class=\"required\">*<\/span><\/label><input type=\"email\" id=\"wp-block-themeisle-blocks-form-input-ed39daf2-input\" required placeholder=\"Email\" class=\"otter-form-input\"\/><\/div>\n\n\n\n<div id=\"wp-block-themeisle-blocks-form-input-ab1c18d7\" class=\"wp-block-themeisle-blocks-form-input\"><label for=\"wp-block-themeisle-blocks-form-input-ab1c18d7-input\" class=\"otter-form-input-label\"><span class=\"otter-form-input-label__label\">T\u00e9l\u00e9phone<\/span><span class=\"required\">*<\/span><\/label><input type=\"text\" id=\"wp-block-themeisle-blocks-form-input-ab1c18d7-input\" required placeholder=\"T\u00e9l\u00e9phone\" class=\"otter-form-input\"\/><\/div>\n\n\n\n<div id=\"wp-block-themeisle-blocks-form-input-b2feb060\" class=\"wp-block-themeisle-blocks-form-input\"><label for=\"wp-block-themeisle-blocks-form-input-b2feb060-input\" class=\"otter-form-input-label\"><span class=\"otter-form-input-label__label\">Adresse<\/span><span class=\"required\">*<\/span><\/label><input type=\"text\" id=\"wp-block-themeisle-blocks-form-input-b2feb060-input\" required placeholder=\"Adresse\" class=\"otter-form-input\"\/><\/div>\n\n\n<div class=\"protection\" aria-hidden=\"true\"><input type=\"hidden\" id=\"wp-block-themeisle-blocks-form-f9b364b5_nonce_field\" name=\"wp-block-themeisle-blocks-form-f9b364b5_nonce_field\" value=\"76f6a38fe7\" \/><input type=\"hidden\" name=\"_wp_http_referer\" value=\"\/index.php\/wp-json\/wp\/v2\/pages\/56\" \/><input class=\"o-anti-bot\" type=\"checkbox\"><\/div>\n\n\n<div id=\"wp-block-themeisle-blocks-form-textarea-16e85dea\" class=\"wp-block-themeisle-blocks-form-textarea\"><label for=\"wp-block-themeisle-blocks-form-textarea-16e85dea-input\" class=\"otter-form-textarea-label\"><span class=\"otter-form-textarea-label__label\">Votre message<\/span><span class=\"required\">*<\/span><\/label><textarea id=\"wp-block-themeisle-blocks-form-textarea-16e85dea-input\" required placeholder=\"Votre message\" rows=\"10\" class=\"otter-form-textarea-input\"><\/textarea><\/div>\n<div class=\"wp-block-button\"><button class=\"wp-block-button__link\" type=\"submit\">Envoyer<\/button><\/div><\/form><\/div>\n<\/div>\n<\/div><\/div>\n<\/div>\n<\/div><\/div>\n\n\n\n<p class=\"has-text-align-center\">SIRET : 82966049700035 | TVA : FR12829660497 | \u00a9 Nicolas Jacquiod | Ramoneur du Plateau 2026<\/p>\n\n\n\n<p><\/p>\n","protected":false},"excerpt":{"rendered":"<p>SIRET : 82966049700035 | TVA : FR12829660497 | \u00a9 Nicolas Jacquiod | Ramoneur du Plateau 2026<\/p>\n","protected":false},"author":1,"featured_media":0,"parent":0,"menu_order":0,"comment_status":"closed","ping_status":"closed","template":"templates\/wpmm-page-template.php","meta":{"_themeisle_gutenberg_block_has_review":false,"footnotes":""},"class_list":["post-56","page","type-page","status-publish","hentry"],"_links":{"self":[{"href":"https:\/\/ramoneur-du-plateau.fr\/index.php\/wp-json\/wp\/v2\/pages\/56","targetHints":{"allow":["GET"]}}],"collection":[{"href":"https:\/\/ramoneur-du-plateau.fr\/index.php\/wp-json\/wp\/v2\/pages"}],"about":[{"href":"https:\/\/ramoneur-du-plateau.fr\/index.php\/wp-json\/wp\/v2\/types\/page"}],"author":[{"embeddable":true,"href":"https:\/\/ramoneur-du-plateau.fr\/index.php\/wp-json\/wp\/v2\/users\/1"}],"replies":[{"embeddable":true,"href":"https:\/\/ramoneur-du-plateau.fr\/index.php\/wp-json\/wp\/v2\/comments?post=56"}],"version-history":[{"count":63,"href":"https:\/\/ramoneur-du-plateau.fr\/index.php\/wp-json\/wp\/v2\/pages\/56\/revisions"}],"predecessor-version":[{"id":169,"href":"https:\/\/ramoneur-du-plateau.fr\/index.php\/wp-json\/wp\/v2\/pages\/56\/revisions\/169"}],"wp:attachment":[{"href":"https:\/\/ramoneur-du-plateau.fr\/index.php\/wp-json\/wp\/v2\/media?parent=56"}],"curies":[{"name":"wp","href":"https:\/\/api.w.org\/{rel}","templated":true}]}}